{"id":5077,"date":"2021-08-10T15:09:53","date_gmt":"2021-08-10T13:09:53","guid":{"rendered":"https:\/\/bondianliving.com\/wordpress\/?page_id=5077"},"modified":"2021-09-23T11:12:13","modified_gmt":"2021-09-23T09:12:13","slug":"nosotros","status":"publish","type":"page","link":"https:\/\/bondianliving.com\/wordpress\/es\/nosotros\/","title":{"rendered":"Nosotros"},"content":{"rendered":"\t\t<div data-elementor-type=\"wp-page\" data-elementor-id=\"5077\" class=\"elementor elementor-5077\" data-elementor-post-type=\"page\">\n\t\t\t\t\t\t<section class=\"elementor-section elementor-top-section elementor-element elementor-element-38adba8 elementor-section-height-min-height elementor-reverse-tablet elementor-reverse-mobile elementor-section-items-top elementor-section-boxed elementor-section-height-default\" data-id=\"38adba8\" data-element_type=\"section\" data-settings=\"{&quot;background_background&quot;:&quot;classic&quot;}\">\n\t\t\t\t\t\t<div class=\"elementor-container elementor-column-gap-default\">\n\t\t\t\t\t<div class=\"elementor-column elementor-col-50 elementor-top-column elementor-element elementor-element-f6bb368\" data-id=\"f6bb368\" data-element_type=\"column\">\n\t\t\t<div class=\"elementor-widget-wrap elementor-element-populated\">\n\t\t\t\t\t\t<div class=\"elementor-element elementor-element-6847554 elementor-hidden-desktop elementor-hidden-mobile elementor-widget elementor-widget-spacer\" data-id=\"6847554\" data-element_type=\"widget\" data-widget_type=\"spacer.default\">\n\t\t\t\t<div class=\"elementor-widget-container\">\n\t\t\t\t\t\t\t<div class=\"elementor-spacer\">\n\t\t\t<div class=\"elementor-spacer-inner\"><\/div>\n\t\t<\/div>\n\t\t\t\t\t\t<\/div>\n\t\t\t\t<\/div>\n\t\t\t\t<div class=\"elementor-element elementor-element-24e9a97 elementor-widget elementor-widget-image\" data-id=\"24e9a97\" data-element_type=\"widget\" data-widget_type=\"image.default\">\n\t\t\t\t<div class=\"elementor-widget-container\">\n\t\t\t\t\t\t\t\t\t\t\t\t\t\t\t<img fetchpriority=\"high\" decoding=\"async\" width=\"690\" height=\"920\" src=\"https:\/\/bondianliving.com\/wordpress\/wp-content\/uploads\/2021\/09\/aboutus.jpg\" class=\"attachment-large size-large wp-image-5506\" alt=\"Bondian Living Mallorca\" srcset=\"https:\/\/bondianliving.com\/wordpress\/wp-content\/uploads\/2021\/09\/aboutus.jpg 690w, https:\/\/bondianliving.com\/wordpress\/wp-content\/uploads\/2021\/09\/aboutus-225x300.jpg 225w\" sizes=\"(max-width: 690px) 100vw, 690px\" \/>\t\t\t\t\t\t\t\t\t\t\t\t\t\t\t<\/div>\n\t\t\t\t<\/div>\n\t\t\t\t<div class=\"elementor-element elementor-element-e5760d5 elementor-widget__width-initial elementor-widget-mobile__width-inherit elementor-hidden-desktop elementor-hidden-mobile elementor-view-default elementor-widget elementor-widget-icon\" data-id=\"e5760d5\" data-element_type=\"widget\" data-widget_type=\"icon.default\">\n\t\t\t\t<div class=\"elementor-widget-container\">\n\t\t\t\t\t\t\t<div class=\"elementor-icon-wrapper\">\n\t\t\t<div class=\"elementor-icon\">\n\t\t\t<i aria-hidden=\"true\" class=\"fas fa-circle\"><\/i>\t\t\t<\/div>\n\t\t<\/div>\n\t\t\t\t\t\t<\/div>\n\t\t\t\t<\/div>\n\t\t\t\t<div class=\"elementor-element elementor-element-2dc4e3d elementor-widget__width-initial elementor-widget-tablet__width-auto elementor-widget-mobile__width-inherit elementor-hidden-desktop elementor-hidden-mobile elementor-widget elementor-widget-text-editor\" data-id=\"2dc4e3d\" data-element_type=\"widget\" data-widget_type=\"text-editor.default\">\n\t\t\t\t<div class=\"elementor-widget-container\">\n\t\t\t\t\t\t\t\t\t<p><span style=\"font-weight: 400;\">info@bondianliving.com<\/span><\/p>\t\t\t\t\t\t\t\t<\/div>\n\t\t\t\t<\/div>\n\t\t\t\t\t<\/div>\n\t\t<\/div>\n\t\t\t\t<div class=\"elementor-column elementor-col-50 elementor-top-column elementor-element elementor-element-a1a850d\" data-id=\"a1a850d\" data-element_type=\"column\">\n\t\t\t<div class=\"elementor-widget-wrap elementor-element-populated\">\n\t\t\t\t\t\t<div class=\"elementor-element elementor-element-1820072 elementor-hidden-tablet elementor-hidden-mobile elementor-widget elementor-widget-heading\" data-id=\"1820072\" data-element_type=\"widget\" data-widget_type=\"heading.default\">\n\t\t\t\t<div class=\"elementor-widget-container\">\n\t\t\t\t\t<h2 class=\"elementor-heading-title elementor-size-default\">arquitectura  e interiorismo<\/h2>\t\t\t\t<\/div>\n\t\t\t\t<\/div>\n\t\t\t\t<div class=\"elementor-element elementor-element-58eeadc elementor-widget-tablet__width-inherit elementor-hidden-desktop elementor-widget elementor-widget-heading\" data-id=\"58eeadc\" data-element_type=\"widget\" data-widget_type=\"heading.default\">\n\t\t\t\t<div class=\"elementor-widget-container\">\n\t\t\t\t\t<h2 class=\"elementor-heading-title elementor-size-default\">arquitectura  e interiorismo<\/h2>\t\t\t\t<\/div>\n\t\t\t\t<\/div>\n\t\t\t\t<div class=\"elementor-element elementor-element-d70dad2 elementor-widget elementor-widget-spacer\" data-id=\"d70dad2\" data-element_type=\"widget\" data-widget_type=\"spacer.default\">\n\t\t\t\t<div class=\"elementor-widget-container\">\n\t\t\t\t\t\t\t<div class=\"elementor-spacer\">\n\t\t\t<div class=\"elementor-spacer-inner\"><\/div>\n\t\t<\/div>\n\t\t\t\t\t\t<\/div>\n\t\t\t\t<\/div>\n\t\t\t\t<div class=\"elementor-element elementor-element-4b91398 elementor-widget elementor-widget-text-editor\" data-id=\"4b91398\" data-element_type=\"widget\" data-widget_type=\"text-editor.default\">\n\t\t\t\t<div class=\"elementor-widget-container\">\n\t\t\t\t\t\t\t\t\t<p><span style=\"font-weight: 400;\">La mente que est\u00e1 detr\u00e1s de Bondian Living es la arquitecta de interiores Diana Huete, que cuenta con una amplia experiencia internacional en el mundo del dise\u00f1o de interiores. Tras estudiar Arquitectura de Interiores en la Escuela Polit\u00e9cnica de Arquitectura de Madrid, Diana trabaj\u00f3 durante varios a\u00f1os con prestigiosos arquitectos, el premiado estudio de interiorismo Laura Bohn Associates en Nueva York y la arquitecta de interiores Isabel L\u00f3pez-Quesada en Madrid. Ambas firmas gozan de gran reconocimiento mundial y han sido galardonadas en numerosas ocasiones.\u00a0<\/span><\/p><p><span style=\"font-weight: 400;\">Avalada por su amplia experiencia profesional, Diana decidi\u00f3 crear la marca Bondian Living en 2004 junto a su marido Patrick W\u00fcnsche.<\/span><\/p><p><span style=\"font-weight: 400;\">Bondian Living se ha convertido en uno de los principales estudios de arquitectura de interiores en Espa\u00f1a y cuenta con oficinas en Mallorca y Madrid. El equipo internacional de Bondian est\u00e1 formado por arquitectos y dise\u00f1adores de interiores que desarrollan conceptos individuales, modernos y mediterr\u00e1neos para viviendas privadas, restaurantes y hoteles.<\/span><\/p><p><span style=\"font-weight: 400;\">Las \u00e1reas principales de trabajo de Bondian Living son proyectos de nueva construcci\u00f3n, reforma y modernizaci\u00f3n, desde el concepto inicial hasta la fase de ejecuci\u00f3n y la finalizaci\u00f3n exitosa del proyecto y m\u00e1s all\u00e1.<\/span><\/p>\t\t\t\t\t\t\t\t<\/div>\n\t\t\t\t<\/div>\n\t\t\t\t<div class=\"elementor-element elementor-element-8e26da2 elementor-widget elementor-widget-text-editor\" data-id=\"8e26da2\" data-element_type=\"widget\" data-widget_type=\"text-editor.default\">\n\t\t\t\t<div class=\"elementor-widget-container\">\n\t\t\t\t\t\t\t\t\t<p><b><i>\u201cTodos nuestros proyectos est\u00e1n hechos a medida, teniendo en cuenta las ideas y los deseos de nuestros clientes de inicio a fin. Nuestro objetivo es aportar un toque especial y personal a los hogares de nuestros clientes para que reflejen su individualidad y estilo. Nos embarcamos en un viaje juntos, acerc\u00e1ndonos a los conceptos que nos inspiran hasta dar con el espacio perfecto.\u201d<\/i><\/b><\/p>\t\t\t\t\t\t\t\t<\/div>\n\t\t\t\t<\/div>\n\t\t\t\t<div class=\"elementor-element elementor-element-4998711 elementor-widget elementor-widget-text-editor\" data-id=\"4998711\" data-element_type=\"widget\" data-widget_type=\"text-editor.default\">\n\t\t\t\t<div class=\"elementor-widget-container\">\n\t\t\t\t\t\t\t\t\t<p><span style=\"font-weight: 400;\">Ven a visitarnos en nuestro Bondian Living Showroom, situado en un palacio hist\u00f3rico en el coraz\u00f3n del casco antiguo de Palma de Mallorca.<\/span><\/p><p><span style=\"font-weight: 400;\">Un cordial saludo,<\/span><\/p><p><span style=\"font-weight: 400;\">Diana &amp; Patrick del equipo de Bondian Living<\/span><\/p>\t\t\t\t\t\t\t\t<\/div>\n\t\t\t\t<\/div>\n\t\t\t\t<div class=\"elementor-element elementor-element-e2938a4 elementor-widget__width-initial elementor-widget-mobile__width-inherit elementor-hidden-tablet elementor-view-default elementor-widget elementor-widget-icon\" data-id=\"e2938a4\" data-element_type=\"widget\" data-widget_type=\"icon.default\">\n\t\t\t\t<div class=\"elementor-widget-container\">\n\t\t\t\t\t\t\t<div class=\"elementor-icon-wrapper\">\n\t\t\t<div class=\"elementor-icon\">\n\t\t\t<i aria-hidden=\"true\" class=\"fas fa-circle\"><\/i>\t\t\t<\/div>\n\t\t<\/div>\n\t\t\t\t\t\t<\/div>\n\t\t\t\t<\/div>\n\t\t\t\t<div class=\"elementor-element elementor-element-ed31d68 elementor-widget__width-initial elementor-widget-tablet__width-auto elementor-widget-mobile__width-inherit elementor-hidden-tablet elementor-widget elementor-widget-text-editor\" data-id=\"ed31d68\" data-element_type=\"widget\" data-widget_type=\"text-editor.default\">\n\t\t\t\t<div class=\"elementor-widget-container\">\n\t\t\t\t\t\t\t\t\t<p><span style=\"font-weight: 400;\">info@bondianliving.com<\/span><\/p>\t\t\t\t\t\t\t\t<\/div>\n\t\t\t\t<\/div>\n\t\t\t\t\t<\/div>\n\t\t<\/div>\n\t\t\t\t\t<\/div>\n\t\t<\/section>\n\t\t\t\t<\/div>\n\t\t","protected":false},"excerpt":{"rendered":"<p>info@bondianliving.com arquitectura e interiorismo arquitectura e interiorismo La mente que est\u00e1 detr\u00e1s de Bondian Living es la arquitecta de interiores Diana Huete, que cuenta con una amplia experiencia internacional en el mundo del dise\u00f1o de interiores. Tras estudiar Arquitectura de Interiores en la Escuela Polit\u00e9cnica de Arquitectura de Madrid, Diana trabaj\u00f3 durante varios a\u00f1os con [&hellip;]<\/p>\n","protected":false},"author":1001009,"featured_media":0,"parent":0,"menu_order":0,"comment_status":"closed","ping_status":"closed","template":"","meta":{"site-sidebar-layout":"no-sidebar","site-content-layout":"page-builder","ast-site-content-layout":"","site-content-style":"default","site-sidebar-style":"default","ast-global-header-display":"","ast-banner-title-visibility":"","ast-main-header-display":"disabled","ast-hfb-above-header-display":"","ast-hfb-below-header-display":"","ast-hfb-mobile-header-display":"disabled","site-post-title":"disabled","ast-breadcrumbs-content":"disabled","ast-featured-img":"disabled","footer-sml-layout":"disabled","theme-transparent-header-meta":"default","adv-header-id-meta":"","stick-header-meta":"","header-above-stick-meta":"","header-main-stick-meta":"","header-below-stick-meta":"","astra-migrate-meta-layouts":"default","ast-page-background-enabled":"default","ast-page-background-meta":{"desktop":{"background-color":"","background-image":"","background-repeat":"repeat","background-position":"center center","background-size":"auto","background-attachment":"scroll","background-type":"","background-media":"","overlay-type":"","overlay-color":"","overlay-opacity":"","overlay-gradient":""},"tablet":{"background-color":"","background-image":"","background-repeat":"repeat","background-position":"center center","background-size":"auto","background-attachment":"scroll","background-type":"","background-media":"","overlay-type":"","overlay-color":"","overlay-opacity":"","overlay-gradient":""},"mobile":{"background-color":"","background-image":"","background-repeat":"repeat","background-position":"center center","background-size":"auto","background-attachment":"scroll","background-type":"","background-media":"","overlay-type":"","overlay-color":"","overlay-opacity":"","overlay-gradient":""}},"ast-content-background-meta":{"desktop":{"background-color":"var(--ast-global-color-5)","background-image":"","background-repeat":"repeat","background-position":"center center","background-size":"auto","background-attachment":"scroll","background-type":"","background-media":"","overlay-type":"","overlay-color":"","overlay-opacity":"","overlay-gradient":""},"tablet":{"background-color":"var(--ast-global-color-5)","background-image":"","background-repeat":"repeat","background-position":"center center","background-size":"auto","background-attachment":"scroll","background-type":"","background-media":"","overlay-type":"","overlay-color":"","overlay-opacity":"","overlay-gradient":""},"mobile":{"background-color":"var(--ast-global-color-5)","background-image":"","background-repeat":"repeat","background-position":"center center","background-size":"auto","background-attachment":"scroll","background-type":"","background-media":"","overlay-type":"","overlay-color":"","overlay-opacity":"","overlay-gradient":""}},"footnotes":""},"class_list":["post-5077","page","type-page","status-publish","hentry"],"yoast_head":"<!-- This site is optimized with the Yoast SEO plugin v24.7 - https:\/\/yoast.com\/wordpress\/plugins\/seo\/ -->\n<title>Nosotros &#8226; Bondian Living<\/title>\n<meta name=\"description\" content=\"Bondian Living, una de las empresas l\u00edderes en el sector de dise\u00f1o de interiores en Espa\u00f1a. Varios de nuestros proyectos han sido publicados en reconocidas revistas de decoraci\u00f3n.\" \/>\n<meta name=\"robots\" content=\"index, follow, max-snippet:-1, max-image-preview:large, max-video-preview:-1\" \/>\n<link rel=\"canonical\" href=\"https:\/\/bondianliving.com\/wordpress\/es\/nosotros\/\" \/>\n<meta property=\"og:locale\" content=\"es_ES\" \/>\n<meta property=\"og:type\" content=\"article\" \/>\n<meta property=\"og:title\" content=\"Nosotros &#8226; Bondian Living\" \/>\n<meta property=\"og:description\" content=\"Bondian Living, una de las empresas l\u00edderes en el sector de dise\u00f1o de interiores en Espa\u00f1a. Varios de nuestros proyectos han sido publicados en reconocidas revistas de decoraci\u00f3n.\" \/>\n<meta property=\"og:url\" content=\"https:\/\/bondianliving.com\/wordpress\/es\/nosotros\/\" \/>\n<meta property=\"og:site_name\" content=\"Bondian Living\" \/>\n<meta property=\"article:publisher\" content=\"https:\/\/www.facebook.com\/bondianliving\" \/>\n<meta property=\"article:modified_time\" content=\"2021-09-23T09:12:13+00:00\" \/>\n<meta property=\"og:image\" content=\"https:\/\/bondianliving.com\/wordpress\/wp-content\/uploads\/2021\/09\/aboutus.jpg\" \/>\n<meta name=\"twitter:card\" content=\"summary_large_image\" \/>\n<meta name=\"twitter:label1\" content=\"Tiempo de lectura\" \/>\n\t<meta name=\"twitter:data1\" content=\"2 minutos\" \/>\n<script type=\"application\/ld+json\" class=\"yoast-schema-graph\">{\"@context\":\"https:\/\/schema.org\",\"@graph\":[{\"@type\":\"WebPage\",\"@id\":\"https:\/\/bondianliving.com\/wordpress\/es\/nosotros\/\",\"url\":\"https:\/\/bondianliving.com\/wordpress\/es\/nosotros\/\",\"name\":\"Nosotros &#8226; Bondian Living\",\"isPartOf\":{\"@id\":\"https:\/\/bondianliving.com\/wordpress\/#website\"},\"primaryImageOfPage\":{\"@id\":\"https:\/\/bondianliving.com\/wordpress\/es\/nosotros\/#primaryimage\"},\"image\":{\"@id\":\"https:\/\/bondianliving.com\/wordpress\/es\/nosotros\/#primaryimage\"},\"thumbnailUrl\":\"https:\/\/bondianliving.com\/wordpress\/wp-content\/uploads\/2021\/09\/aboutus.jpg\",\"datePublished\":\"2021-08-10T13:09:53+00:00\",\"dateModified\":\"2021-09-23T09:12:13+00:00\",\"description\":\"Bondian Living, una de las empresas l\u00edderes en el sector de dise\u00f1o de interiores en Espa\u00f1a. Varios de nuestros proyectos han sido publicados en reconocidas revistas de decoraci\u00f3n.\",\"breadcrumb\":{\"@id\":\"https:\/\/bondianliving.com\/wordpress\/es\/nosotros\/#breadcrumb\"},\"inLanguage\":\"es\",\"potentialAction\":[{\"@type\":\"ReadAction\",\"target\":[\"https:\/\/bondianliving.com\/wordpress\/es\/nosotros\/\"]}]},{\"@type\":\"ImageObject\",\"inLanguage\":\"es\",\"@id\":\"https:\/\/bondianliving.com\/wordpress\/es\/nosotros\/#primaryimage\",\"url\":\"https:\/\/bondianliving.com\/wordpress\/wp-content\/uploads\/2021\/09\/aboutus.jpg\",\"contentUrl\":\"https:\/\/bondianliving.com\/wordpress\/wp-content\/uploads\/2021\/09\/aboutus.jpg\",\"width\":690,\"height\":920,\"caption\":\"Bondian Living Mallorca\"},{\"@type\":\"BreadcrumbList\",\"@id\":\"https:\/\/bondianliving.com\/wordpress\/es\/nosotros\/#breadcrumb\",\"itemListElement\":[{\"@type\":\"ListItem\",\"position\":1,\"name\":\"Projects\",\"item\":\"https:\/\/bondianliving.com\/wordpress\/\"},{\"@type\":\"ListItem\",\"position\":2,\"name\":\"Nosotros\"}]},{\"@type\":\"WebSite\",\"@id\":\"https:\/\/bondianliving.com\/wordpress\/#website\",\"url\":\"https:\/\/bondianliving.com\/wordpress\/\",\"name\":\"Bondian Living\",\"description\":\"Interior Design &amp; Project Management in Mallorca\",\"publisher\":{\"@id\":\"https:\/\/bondianliving.com\/wordpress\/#organization\"},\"potentialAction\":[{\"@type\":\"SearchAction\",\"target\":{\"@type\":\"EntryPoint\",\"urlTemplate\":\"https:\/\/bondianliving.com\/wordpress\/?s={search_term_string}\"},\"query-input\":{\"@type\":\"PropertyValueSpecification\",\"valueRequired\":true,\"valueName\":\"search_term_string\"}}],\"inLanguage\":\"es\"},{\"@type\":\"Organization\",\"@id\":\"https:\/\/bondianliving.com\/wordpress\/#organization\",\"name\":\"Bondian Living\",\"url\":\"https:\/\/bondianliving.com\/wordpress\/\",\"logo\":{\"@type\":\"ImageObject\",\"inLanguage\":\"es\",\"@id\":\"https:\/\/bondianliving.com\/wordpress\/#\/schema\/logo\/image\/\",\"url\":\"https:\/\/bondianliving.com\/wordpress\/wp-content\/uploads\/2021\/02\/logo2_Mesa-de-trabajo-1.png\",\"contentUrl\":\"https:\/\/bondianliving.com\/wordpress\/wp-content\/uploads\/2021\/02\/logo2_Mesa-de-trabajo-1.png\",\"width\":2709,\"height\":2709,\"caption\":\"Bondian Living\"},\"image\":{\"@id\":\"https:\/\/bondianliving.com\/wordpress\/#\/schema\/logo\/image\/\"},\"sameAs\":[\"https:\/\/www.facebook.com\/bondianliving\",\"https:\/\/www.instagram.com\/bondian_living\/\"]}]}<\/script>\n<!-- \/ Yoast SEO plugin. -->","yoast_head_json":{"title":"Nosotros &#8226; Bondian Living","description":"Bondian Living, una de las empresas l\u00edderes en el sector de dise\u00f1o de interiores en Espa\u00f1a. Varios de nuestros proyectos han sido publicados en reconocidas revistas de decoraci\u00f3n.","robots":{"index":"index","follow":"follow","max-snippet":"max-snippet:-1","max-image-preview":"max-image-preview:large","max-video-preview":"max-video-preview:-1"},"canonical":"https:\/\/bondianliving.com\/wordpress\/es\/nosotros\/","og_locale":"es_ES","og_type":"article","og_title":"Nosotros &#8226; Bondian Living","og_description":"Bondian Living, una de las empresas l\u00edderes en el sector de dise\u00f1o de interiores en Espa\u00f1a. Varios de nuestros proyectos han sido publicados en reconocidas revistas de decoraci\u00f3n.","og_url":"https:\/\/bondianliving.com\/wordpress\/es\/nosotros\/","og_site_name":"Bondian Living","article_publisher":"https:\/\/www.facebook.com\/bondianliving","article_modified_time":"2021-09-23T09:12:13+00:00","og_image":[{"url":"https:\/\/bondianliving.com\/wordpress\/wp-content\/uploads\/2021\/09\/aboutus.jpg","type":"","width":"","height":""}],"twitter_card":"summary_large_image","twitter_misc":{"Tiempo de lectura":"2 minutos"},"schema":{"@context":"https:\/\/schema.org","@graph":[{"@type":"WebPage","@id":"https:\/\/bondianliving.com\/wordpress\/es\/nosotros\/","url":"https:\/\/bondianliving.com\/wordpress\/es\/nosotros\/","name":"Nosotros &#8226; Bondian Living","isPartOf":{"@id":"https:\/\/bondianliving.com\/wordpress\/#website"},"primaryImageOfPage":{"@id":"https:\/\/bondianliving.com\/wordpress\/es\/nosotros\/#primaryimage"},"image":{"@id":"https:\/\/bondianliving.com\/wordpress\/es\/nosotros\/#primaryimage"},"thumbnailUrl":"https:\/\/bondianliving.com\/wordpress\/wp-content\/uploads\/2021\/09\/aboutus.jpg","datePublished":"2021-08-10T13:09:53+00:00","dateModified":"2021-09-23T09:12:13+00:00","description":"Bondian Living, una de las empresas l\u00edderes en el sector de dise\u00f1o de interiores en Espa\u00f1a. Varios de nuestros proyectos han sido publicados en reconocidas revistas de decoraci\u00f3n.","breadcrumb":{"@id":"https:\/\/bondianliving.com\/wordpress\/es\/nosotros\/#breadcrumb"},"inLanguage":"es","potentialAction":[{"@type":"ReadAction","target":["https:\/\/bondianliving.com\/wordpress\/es\/nosotros\/"]}]},{"@type":"ImageObject","inLanguage":"es","@id":"https:\/\/bondianliving.com\/wordpress\/es\/nosotros\/#primaryimage","url":"https:\/\/bondianliving.com\/wordpress\/wp-content\/uploads\/2021\/09\/aboutus.jpg","contentUrl":"https:\/\/bondianliving.com\/wordpress\/wp-content\/uploads\/2021\/09\/aboutus.jpg","width":690,"height":920,"caption":"Bondian Living Mallorca"},{"@type":"BreadcrumbList","@id":"https:\/\/bondianliving.com\/wordpress\/es\/nosotros\/#breadcrumb","itemListElement":[{"@type":"ListItem","position":1,"name":"Projects","item":"https:\/\/bondianliving.com\/wordpress\/"},{"@type":"ListItem","position":2,"name":"Nosotros"}]},{"@type":"WebSite","@id":"https:\/\/bondianliving.com\/wordpress\/#website","url":"https:\/\/bondianliving.com\/wordpress\/","name":"Bondian Living","description":"Interior Design &amp; Project Management in Mallorca","publisher":{"@id":"https:\/\/bondianliving.com\/wordpress\/#organization"},"potentialAction":[{"@type":"SearchAction","target":{"@type":"EntryPoint","urlTemplate":"https:\/\/bondianliving.com\/wordpress\/?s={search_term_string}"},"query-input":{"@type":"PropertyValueSpecification","valueRequired":true,"valueName":"search_term_string"}}],"inLanguage":"es"},{"@type":"Organization","@id":"https:\/\/bondianliving.com\/wordpress\/#organization","name":"Bondian Living","url":"https:\/\/bondianliving.com\/wordpress\/","logo":{"@type":"ImageObject","inLanguage":"es","@id":"https:\/\/bondianliving.com\/wordpress\/#\/schema\/logo\/image\/","url":"https:\/\/bondianliving.com\/wordpress\/wp-content\/uploads\/2021\/02\/logo2_Mesa-de-trabajo-1.png","contentUrl":"https:\/\/bondianliving.com\/wordpress\/wp-content\/uploads\/2021\/02\/logo2_Mesa-de-trabajo-1.png","width":2709,"height":2709,"caption":"Bondian Living"},"image":{"@id":"https:\/\/bondianliving.com\/wordpress\/#\/schema\/logo\/image\/"},"sameAs":["https:\/\/www.facebook.com\/bondianliving","https:\/\/www.instagram.com\/bondian_living\/"]}]}},"_links":{"self":[{"href":"https:\/\/bondianliving.com\/wordpress\/wp-json\/wp\/v2\/pages\/5077","targetHints":{"allow":["GET"]}}],"collection":[{"href":"https:\/\/bondianliving.com\/wordpress\/wp-json\/wp\/v2\/pages"}],"about":[{"href":"https:\/\/bondianliving.com\/wordpress\/wp-json\/wp\/v2\/types\/page"}],"author":[{"embeddable":true,"href":"https:\/\/bondianliving.com\/wordpress\/wp-json\/wp\/v2\/users\/1001009"}],"replies":[{"embeddable":true,"href":"https:\/\/bondianliving.com\/wordpress\/wp-json\/wp\/v2\/comments?post=5077"}],"version-history":[{"count":23,"href":"https:\/\/bondianliving.com\/wordpress\/wp-json\/wp\/v2\/pages\/5077\/revisions"}],"predecessor-version":[{"id":5710,"href":"https:\/\/bondianliving.com\/wordpress\/wp-json\/wp\/v2\/pages\/5077\/revisions\/5710"}],"wp:attachment":[{"href":"https:\/\/bondianliving.com\/wordpress\/wp-json\/wp\/v2\/media?parent=5077"}],"curies":[{"name":"wp","href":"https:\/\/api.w.org\/{rel}","templated":true}]}}