{"id":5097,"date":"2021-08-10T15:14:10","date_gmt":"2021-08-10T13:14:10","guid":{"rendered":"https:\/\/bondianliving.com\/wordpress\/?page_id=5097"},"modified":"2021-09-24T14:03:32","modified_gmt":"2021-09-24T12:03:32","slug":"aviso-legal","status":"publish","type":"page","link":"https:\/\/bondianliving.com\/wordpress\/es\/aviso-legal\/","title":{"rendered":"Aviso Legal"},"content":{"rendered":"\t\t<div data-elementor-type=\"wp-page\" data-elementor-id=\"5097\" class=\"elementor elementor-5097\" data-elementor-post-type=\"page\">\n\t\t\t\t\t\t<section class=\"elementor-section elementor-top-section elementor-element elementor-element-c750ad2 elementor-section-boxed elementor-section-height-default elementor-section-height-default\" data-id=\"c750ad2\" data-element_type=\"section\">\n\t\t\t\t\t\t<div class=\"elementor-container elementor-column-gap-wider\">\n\t\t\t\t\t<div class=\"elementor-column elementor-col-33 elementor-top-column elementor-element elementor-element-a245710 elementor-hidden-tablet\" data-id=\"a245710\" data-element_type=\"column\">\n\t\t\t<div class=\"elementor-widget-wrap\">\n\t\t\t\t\t\t\t<\/div>\n\t\t<\/div>\n\t\t\t\t<div class=\"elementor-column elementor-col-33 elementor-top-column elementor-element elementor-element-8fcd65d\" data-id=\"8fcd65d\" data-element_type=\"column\">\n\t\t\t<div class=\"elementor-widget-wrap elementor-element-populated\">\n\t\t\t\t\t\t<div class=\"elementor-element elementor-element-1e7a6c2 elementor-widget elementor-widget-text-editor\" data-id=\"1e7a6c2\" data-element_type=\"widget\" data-widget_type=\"text-editor.default\">\n\t\t\t\t<div class=\"elementor-widget-container\">\n\t\t\t\t\t\t\t\t\t<p><strong>AVISO LEGAL<\/strong><\/p><p><span style=\"font-weight: 400;\">En cumplimiento del art\u00edculo 10 de la Ley 34\/2002, de 11 de julio, de Servicios de la Sociedad de la Informaci\u00f3n y Comercio Electr\u00f3nico (LSSI) a continuaci\u00f3n se detallan los datos identificativos de la empresa:<\/span><\/p><p><span style=\"font-weight: 400;\">Nombre empresa: Bondian Living<br \/><\/span><span style=\"font-weight: 400;\">CIF: B57789422<br \/><\/span><span style=\"font-weight: 400;\">Direcci\u00f3n: Calle Can Ver\u00ed 5, 07001 Palma de Mallorca<br \/><\/span><span style=\"font-weight: 400;\">Tel\u00e9fono: +34 971 425 180<br \/><\/span><span style=\"font-weight: 400;\">Email: info@bondianliving.com<\/span><\/p><p><strong>FINALIDAD DE LA P\u00c1GINA<\/strong><br \/><span style=\"font-weight: 400;\">Mostrar los trabajos realizados por Bondian Living. El presente aviso legal (en adelante, el \u201cAviso Legal\u201d) regula el uso del sitio web: www.bondianliving.com<\/span><\/p><p><strong>LEGISLACI\u00d3N<\/strong><br \/><span style=\"font-weight: 400;\">Con car\u00e1cter general la relaci\u00f3n entre Bondian Living con los Usuarios de sus servicios telem\u00e1ticos, presentes en este sitio web, se encuentra sometida a la legislaci\u00f3n y jurisdicci\u00f3n espa\u00f1olas.<\/span><\/p><p><strong>USO Y ACCESO DE USUARIOS<br \/><\/strong><span style=\"font-weight: 400;\">El Usuario queda informado, y acepta, que el acceso a la presente web no supone, en modo alguno, el inicio de una relaci\u00f3n comercial con Bondian Living o cualquiera de sus delegaciones.<\/span><\/p><p><strong>PROPIEDAD INTELECTUAL E INDUSTRIAL<\/strong><br \/><span style=\"font-weight: 400;\">Los derechos de propiedad intelectual del contenido de las p\u00e1ginas web, su dise\u00f1o gr\u00e1fico y c\u00f3digos son titularidad de Bondian Living\u00a0 y, por tanto, queda prohibida su reproducci\u00f3n, distribuci\u00f3n, comunicaci\u00f3n p\u00fablica, transformaci\u00f3n o cualquier otra actividad que se pueda realizar con los contenidos de sus p\u00e1ginas web ni aun citando las fuentes, salvo consentimiento por escrito de Bondian Living.<\/span><\/p><p><strong>CONTENIDO DE LA WEB Y ENLACES (LINKS)<br \/><\/strong><span style=\"font-size: 16px; font-weight: 400;\">Bondian Living se reserva el derecho a actualizar, modificar o eliminar la informaci\u00f3n contenida en sus p\u00e1ginas web pudiendo incluso limitar o no permitir el acceso a dicha informaci\u00f3n a ciertos usuarios. Bondian Living no asume responsabilidad alguna por la informaci\u00f3n contenida en p\u00e1ginas web de terceros a las que se pueda acceder por \u201clinks\u201d o enlaces desde cualquier p\u00e1gina web propiedad de Bondian Living. La presencia de \u201clinks\u201d o enlaces en las p\u00e1ginas web de Bondian Living tiene finalidad meramente informativa y en ning\u00fan caso supone sugerencia, invitaci\u00f3n o recomendaci\u00f3n sobre los mismos.<\/span><\/p>\t\t\t\t\t\t\t\t<\/div>\n\t\t\t\t<\/div>\n\t\t\t\t\t<\/div>\n\t\t<\/div>\n\t\t\t\t<div class=\"elementor-column elementor-col-33 elementor-top-column elementor-element elementor-element-f522d7b elementor-hidden-tablet\" data-id=\"f522d7b\" data-element_type=\"column\">\n\t\t\t<div class=\"elementor-widget-wrap\">\n\t\t\t\t\t\t\t<\/div>\n\t\t<\/div>\n\t\t\t\t\t<\/div>\n\t\t<\/section>\n\t\t\t\t<section class=\"elementor-section elementor-top-section elementor-element elementor-element-02a7275 elementor-section-boxed elementor-section-height-default elementor-section-height-default\" data-id=\"02a7275\" data-element_type=\"section\">\n\t\t\t\t\t\t<div class=\"elementor-container elementor-column-gap-default\">\n\t\t\t\t\t<div class=\"elementor-column elementor-col-100 elementor-top-column elementor-element elementor-element-0d80d3e\" data-id=\"0d80d3e\" data-element_type=\"column\">\n\t\t\t<div class=\"elementor-widget-wrap\">\n\t\t\t\t\t\t\t<\/div>\n\t\t<\/div>\n\t\t\t\t\t<\/div>\n\t\t<\/section>\n\t\t\t\t<\/div>\n\t\t","protected":false},"excerpt":{"rendered":"<p>AVISO LEGAL En cumplimiento del art\u00edculo 10 de la Ley 34\/2002, de 11 de julio, de Servicios de la Sociedad de la Informaci\u00f3n y Comercio Electr\u00f3nico (LSSI) a continuaci\u00f3n se detallan los datos identificativos de la empresa: Nombre empresa: Bondian LivingCIF: B57789422Direcci\u00f3n: Calle Can Ver\u00ed 5, 07001 Palma de MallorcaTel\u00e9fono: +34 971 425 180Email: info@bondianliving.com [&hellip;]<\/p>\n","protected":false},"author":1001009,"featured_media":0,"parent":0,"menu_order":0,"comment_status":"closed","ping_status":"closed","template":"","meta":{"site-sidebar-layout":"no-sidebar","site-content-layout":"page-builder","ast-site-content-layout":"","site-content-style":"default","site-sidebar-style":"default","ast-global-header-display":"","ast-banner-title-visibility":"","ast-main-header-display":"disabled","ast-hfb-above-header-display":"","ast-hfb-below-header-display":"","ast-hfb-mobile-header-display":"disabled","site-post-title":"disabled","ast-breadcrumbs-content":"disabled","ast-featured-img":"disabled","footer-sml-layout":"disabled","theme-transparent-header-meta":"default","adv-header-id-meta":"","stick-header-meta":"","header-above-stick-meta":"","header-main-stick-meta":"","header-below-stick-meta":"","astra-migrate-meta-layouts":"default","ast-page-background-enabled":"default","ast-page-background-meta":{"desktop":{"background-color":"","background-image":"","background-repeat":"repeat","background-position":"center center","background-size":"auto","background-attachment":"scroll","background-type":"","background-media":"","overlay-type":"","overlay-color":"","overlay-opacity":"","overlay-gradient":""},"tablet":{"background-color":"","background-image":"","background-repeat":"repeat","background-position":"center center","background-size":"auto","background-attachment":"scroll","background-type":"","background-media":"","overlay-type":"","overlay-color":"","overlay-opacity":"","overlay-gradient":""},"mobile":{"background-color":"","background-image":"","background-repeat":"repeat","background-position":"center center","background-size":"auto","background-attachment":"scroll","background-type":"","background-media":"","overlay-type":"","overlay-color":"","overlay-opacity":"","overlay-gradient":""}},"ast-content-background-meta":{"desktop":{"background-color":"var(--ast-global-color-5)","background-image":"","background-repeat":"repeat","background-position":"center center","background-size":"auto","background-attachment":"scroll","background-type":"","background-media":"","overlay-type":"","overlay-color":"","overlay-opacity":"","overlay-gradient":""},"tablet":{"background-color":"var(--ast-global-color-5)","background-image":"","background-repeat":"repeat","background-position":"center center","background-size":"auto","background-attachment":"scroll","background-type":"","background-media":"","overlay-type":"","overlay-color":"","overlay-opacity":"","overlay-gradient":""},"mobile":{"background-color":"var(--ast-global-color-5)","background-image":"","background-repeat":"repeat","background-position":"center center","background-size":"auto","background-attachment":"scroll","background-type":"","background-media":"","overlay-type":"","overlay-color":"","overlay-opacity":"","overlay-gradient":""}},"footnotes":""},"class_list":["post-5097","page","type-page","status-publish","hentry"],"yoast_head":"<!-- This site is optimized with the Yoast SEO plugin v24.7 - https:\/\/yoast.com\/wordpress\/plugins\/seo\/ -->\n<title>Aviso Legal &#8226; Bondian Living<\/title>\n<meta name=\"robots\" content=\"index, follow, max-snippet:-1, max-image-preview:large, max-video-preview:-1\" \/>\n<link rel=\"canonical\" href=\"https:\/\/bondianliving.com\/wordpress\/es\/aviso-legal\/\" \/>\n<meta property=\"og:locale\" content=\"es_ES\" \/>\n<meta property=\"og:type\" content=\"article\" \/>\n<meta property=\"og:title\" content=\"Aviso Legal &#8226; Bondian Living\" \/>\n<meta property=\"og:description\" content=\"AVISO LEGAL En cumplimiento del art\u00edculo 10 de la Ley 34\/2002, de 11 de julio, de Servicios de la Sociedad de la Informaci\u00f3n y Comercio Electr\u00f3nico (LSSI) a continuaci\u00f3n se detallan los datos identificativos de la empresa: Nombre empresa: Bondian LivingCIF: B57789422Direcci\u00f3n: Calle Can Ver\u00ed 5, 07001 Palma de MallorcaTel\u00e9fono: +34 971 425 180Email: info@bondianliving.com [&hellip;]\" \/>\n<meta property=\"og:url\" content=\"https:\/\/bondianliving.com\/wordpress\/es\/aviso-legal\/\" \/>\n<meta property=\"og:site_name\" content=\"Bondian Living\" \/>\n<meta property=\"article:publisher\" content=\"https:\/\/www.facebook.com\/bondianliving\" \/>\n<meta property=\"article:modified_time\" content=\"2021-09-24T12:03:32+00:00\" \/>\n<meta property=\"og:image\" content=\"https:\/\/bondianliving.com\/wordpress\/wp-content\/uploads\/2021\/06\/logo2_Mesa-de-trabajo-1.png\" \/>\n\t<meta property=\"og:image:width\" content=\"2709\" \/>\n\t<meta property=\"og:image:height\" content=\"2709\" \/>\n\t<meta property=\"og:image:type\" content=\"image\/png\" \/>\n<meta name=\"twitter:card\" content=\"summary_large_image\" \/>\n<meta name=\"twitter:label1\" content=\"Tiempo de lectura\" \/>\n\t<meta name=\"twitter:data1\" content=\"2 minutos\" \/>\n<script type=\"application\/ld+json\" class=\"yoast-schema-graph\">{\"@context\":\"https:\/\/schema.org\",\"@graph\":[{\"@type\":\"WebPage\",\"@id\":\"https:\/\/bondianliving.com\/wordpress\/es\/aviso-legal\/\",\"url\":\"https:\/\/bondianliving.com\/wordpress\/es\/aviso-legal\/\",\"name\":\"Aviso Legal &#8226; Bondian Living\",\"isPartOf\":{\"@id\":\"https:\/\/bondianliving.com\/wordpress\/#website\"},\"datePublished\":\"2021-08-10T13:14:10+00:00\",\"dateModified\":\"2021-09-24T12:03:32+00:00\",\"breadcrumb\":{\"@id\":\"https:\/\/bondianliving.com\/wordpress\/es\/aviso-legal\/#breadcrumb\"},\"inLanguage\":\"es\",\"potentialAction\":[{\"@type\":\"ReadAction\",\"target\":[\"https:\/\/bondianliving.com\/wordpress\/es\/aviso-legal\/\"]}]},{\"@type\":\"BreadcrumbList\",\"@id\":\"https:\/\/bondianliving.com\/wordpress\/es\/aviso-legal\/#breadcrumb\",\"itemListElement\":[{\"@type\":\"ListItem\",\"position\":1,\"name\":\"Projects\",\"item\":\"https:\/\/bondianliving.com\/wordpress\/\"},{\"@type\":\"ListItem\",\"position\":2,\"name\":\"Aviso Legal\"}]},{\"@type\":\"WebSite\",\"@id\":\"https:\/\/bondianliving.com\/wordpress\/#website\",\"url\":\"https:\/\/bondianliving.com\/wordpress\/\",\"name\":\"Bondian Living\",\"description\":\"Interior Design &amp; Project Management in Mallorca\",\"publisher\":{\"@id\":\"https:\/\/bondianliving.com\/wordpress\/#organization\"},\"potentialAction\":[{\"@type\":\"SearchAction\",\"target\":{\"@type\":\"EntryPoint\",\"urlTemplate\":\"https:\/\/bondianliving.com\/wordpress\/?s={search_term_string}\"},\"query-input\":{\"@type\":\"PropertyValueSpecification\",\"valueRequired\":true,\"valueName\":\"search_term_string\"}}],\"inLanguage\":\"es\"},{\"@type\":\"Organization\",\"@id\":\"https:\/\/bondianliving.com\/wordpress\/#organization\",\"name\":\"Bondian Living\",\"url\":\"https:\/\/bondianliving.com\/wordpress\/\",\"logo\":{\"@type\":\"ImageObject\",\"inLanguage\":\"es\",\"@id\":\"https:\/\/bondianliving.com\/wordpress\/#\/schema\/logo\/image\/\",\"url\":\"https:\/\/bondianliving.com\/wordpress\/wp-content\/uploads\/2021\/02\/logo2_Mesa-de-trabajo-1.png\",\"contentUrl\":\"https:\/\/bondianliving.com\/wordpress\/wp-content\/uploads\/2021\/02\/logo2_Mesa-de-trabajo-1.png\",\"width\":2709,\"height\":2709,\"caption\":\"Bondian Living\"},\"image\":{\"@id\":\"https:\/\/bondianliving.com\/wordpress\/#\/schema\/logo\/image\/\"},\"sameAs\":[\"https:\/\/www.facebook.com\/bondianliving\",\"https:\/\/www.instagram.com\/bondian_living\/\"]}]}<\/script>\n<!-- \/ Yoast SEO plugin. -->","yoast_head_json":{"title":"Aviso Legal &#8226; Bondian Living","robots":{"index":"index","follow":"follow","max-snippet":"max-snippet:-1","max-image-preview":"max-image-preview:large","max-video-preview":"max-video-preview:-1"},"canonical":"https:\/\/bondianliving.com\/wordpress\/es\/aviso-legal\/","og_locale":"es_ES","og_type":"article","og_title":"Aviso Legal &#8226; Bondian Living","og_description":"AVISO LEGAL En cumplimiento del art\u00edculo 10 de la Ley 34\/2002, de 11 de julio, de Servicios de la Sociedad de la Informaci\u00f3n y Comercio Electr\u00f3nico (LSSI) a continuaci\u00f3n se detallan los datos identificativos de la empresa: Nombre empresa: Bondian LivingCIF: B57789422Direcci\u00f3n: Calle Can Ver\u00ed 5, 07001 Palma de MallorcaTel\u00e9fono: +34 971 425 180Email: info@bondianliving.com [&hellip;]","og_url":"https:\/\/bondianliving.com\/wordpress\/es\/aviso-legal\/","og_site_name":"Bondian Living","article_publisher":"https:\/\/www.facebook.com\/bondianliving","article_modified_time":"2021-09-24T12:03:32+00:00","og_image":[{"width":2709,"height":2709,"url":"https:\/\/bondianliving.com\/wordpress\/wp-content\/uploads\/2021\/06\/logo2_Mesa-de-trabajo-1.png","type":"image\/png"}],"twitter_card":"summary_large_image","twitter_misc":{"Tiempo de lectura":"2 minutos"},"schema":{"@context":"https:\/\/schema.org","@graph":[{"@type":"WebPage","@id":"https:\/\/bondianliving.com\/wordpress\/es\/aviso-legal\/","url":"https:\/\/bondianliving.com\/wordpress\/es\/aviso-legal\/","name":"Aviso Legal &#8226; Bondian Living","isPartOf":{"@id":"https:\/\/bondianliving.com\/wordpress\/#website"},"datePublished":"2021-08-10T13:14:10+00:00","dateModified":"2021-09-24T12:03:32+00:00","breadcrumb":{"@id":"https:\/\/bondianliving.com\/wordpress\/es\/aviso-legal\/#breadcrumb"},"inLanguage":"es","potentialAction":[{"@type":"ReadAction","target":["https:\/\/bondianliving.com\/wordpress\/es\/aviso-legal\/"]}]},{"@type":"BreadcrumbList","@id":"https:\/\/bondianliving.com\/wordpress\/es\/aviso-legal\/#breadcrumb","itemListElement":[{"@type":"ListItem","position":1,"name":"Projects","item":"https:\/\/bondianliving.com\/wordpress\/"},{"@type":"ListItem","position":2,"name":"Aviso Legal"}]},{"@type":"WebSite","@id":"https:\/\/bondianliving.com\/wordpress\/#website","url":"https:\/\/bondianliving.com\/wordpress\/","name":"Bondian Living","description":"Interior Design &amp; Project Management in Mallorca","publisher":{"@id":"https:\/\/bondianliving.com\/wordpress\/#organization"},"potentialAction":[{"@type":"SearchAction","target":{"@type":"EntryPoint","urlTemplate":"https:\/\/bondianliving.com\/wordpress\/?s={search_term_string}"},"query-input":{"@type":"PropertyValueSpecification","valueRequired":true,"valueName":"search_term_string"}}],"inLanguage":"es"},{"@type":"Organization","@id":"https:\/\/bondianliving.com\/wordpress\/#organization","name":"Bondian Living","url":"https:\/\/bondianliving.com\/wordpress\/","logo":{"@type":"ImageObject","inLanguage":"es","@id":"https:\/\/bondianliving.com\/wordpress\/#\/schema\/logo\/image\/","url":"https:\/\/bondianliving.com\/wordpress\/wp-content\/uploads\/2021\/02\/logo2_Mesa-de-trabajo-1.png","contentUrl":"https:\/\/bondianliving.com\/wordpress\/wp-content\/uploads\/2021\/02\/logo2_Mesa-de-trabajo-1.png","width":2709,"height":2709,"caption":"Bondian Living"},"image":{"@id":"https:\/\/bondianliving.com\/wordpress\/#\/schema\/logo\/image\/"},"sameAs":["https:\/\/www.facebook.com\/bondianliving","https:\/\/www.instagram.com\/bondian_living\/"]}]}},"_links":{"self":[{"href":"https:\/\/bondianliving.com\/wordpress\/wp-json\/wp\/v2\/pages\/5097","targetHints":{"allow":["GET"]}}],"collection":[{"href":"https:\/\/bondianliving.com\/wordpress\/wp-json\/wp\/v2\/pages"}],"about":[{"href":"https:\/\/bondianliving.com\/wordpress\/wp-json\/wp\/v2\/types\/page"}],"author":[{"embeddable":true,"href":"https:\/\/bondianliving.com\/wordpress\/wp-json\/wp\/v2\/users\/1001009"}],"replies":[{"embeddable":true,"href":"https:\/\/bondianliving.com\/wordpress\/wp-json\/wp\/v2\/comments?post=5097"}],"version-history":[{"count":7,"href":"https:\/\/bondianliving.com\/wordpress\/wp-json\/wp\/v2\/pages\/5097\/revisions"}],"predecessor-version":[{"id":5851,"href":"https:\/\/bondianliving.com\/wordpress\/wp-json\/wp\/v2\/pages\/5097\/revisions\/5851"}],"wp:attachment":[{"href":"https:\/\/bondianliving.com\/wordpress\/wp-json\/wp\/v2\/media?parent=5097"}],"curies":[{"name":"wp","href":"https:\/\/api.w.org\/{rel}","templated":true}]}}