{"id":5111,"date":"2021-08-10T15:16:36","date_gmt":"2021-08-10T13:16:36","guid":{"rendered":"https:\/\/bondianliving.com\/wordpress\/?page_id=5111"},"modified":"2021-09-24T14:04:47","modified_gmt":"2021-09-24T12:04:47","slug":"politica-de-privacidad","status":"publish","type":"page","link":"https:\/\/bondianliving.com\/wordpress\/es\/politica-de-privacidad\/","title":{"rendered":"Pol\u00edtica de Privacidad"},"content":{"rendered":"\t\t<div data-elementor-type=\"wp-page\" data-elementor-id=\"5111\" class=\"elementor elementor-5111\" data-elementor-post-type=\"page\">\n\t\t\t\t\t\t<section class=\"elementor-section elementor-top-section elementor-element elementor-element-b69bf3c elementor-section-boxed elementor-section-height-default elementor-section-height-default\" data-id=\"b69bf3c\" data-element_type=\"section\">\n\t\t\t\t\t\t<div class=\"elementor-container elementor-column-gap-wider\">\n\t\t\t\t\t<div class=\"elementor-column elementor-col-33 elementor-top-column elementor-element elementor-element-0ca1a89 elementor-hidden-tablet\" data-id=\"0ca1a89\" data-element_type=\"column\">\n\t\t\t<div class=\"elementor-widget-wrap\">\n\t\t\t\t\t\t\t<\/div>\n\t\t<\/div>\n\t\t\t\t<div class=\"elementor-column elementor-col-33 elementor-top-column elementor-element elementor-element-de78e8c\" data-id=\"de78e8c\" data-element_type=\"column\">\n\t\t\t<div class=\"elementor-widget-wrap elementor-element-populated\">\n\t\t\t\t\t\t<div class=\"elementor-element elementor-element-b6b8e2c elementor-widget elementor-widget-text-editor\" data-id=\"b6b8e2c\" data-element_type=\"widget\" data-widget_type=\"text-editor.default\">\n\t\t\t\t<div class=\"elementor-widget-container\">\n\t\t\t\t\t\t\t\t\t<p><strong>POL\u00cdTICA DE PRIVACIDAD<\/strong><\/p><p><span style=\"font-weight: 400;\">A efecto de lo previsto en la Ley Org\u00e1nica 15\/1999, de 13 de diciembre, de Protecci\u00f3n de Datos de Car\u00e1cter Personal Bondian Living con CIF: B57789422 informa al Usuario de que es titular de ficheros de datos de car\u00e1cter personal inscritos en el R.G.P.D. (Registro General de Protecci\u00f3n de Datos) en los que sus datos quedan incorporados y son tratados con el fin de prestarle los servicios solicitados y enviarle la informaci\u00f3n acerca de nuestra empresa que pueda ser de su inter\u00e9s.<\/span><\/p><p><strong>ENV\u00cdO Y REGISTRO DE DATOS DE CAR\u00c1CTER PERSONAL<br \/><\/strong><span style=\"font-size: 16px; font-weight: 400;\">El env\u00edo de datos de car\u00e1cter personal es obligatorio para contactar y recibir informaci\u00f3n sobre los servicios prestados por Bondian Living. Asimismo, el no facilitar los datos personales solicitados o el no aceptar la presente pol\u00edtica de protecci\u00f3n de datos supone la imposibilidad de suscribirse, registrarse o recibir informaci\u00f3n de dichos servicios. De acuerdo a lo establecido en la Ley Org\u00e1nica 15\/1999, de 13 de diciembre, de Protecci\u00f3n de Datos de Car\u00e1cter Personal, le informamos que los datos personales que se obtengan como consecuencia de su env\u00edo de datos personales, ser\u00e1n incorporados a un fichero titularidad de Bondian Living con domicilio Calle Can Ver\u00ed 5,\u00a0 07001, Palma de Mallorca, teniendo implementadas todas las medidas de seguridad establecidas en el Real Decreto 1720\/2007.<\/span><\/p><p><strong>EXACTITUD Y VERACIDAD DE LOS DATOS FACILITADOS<br \/><\/strong><span style=\"font-size: 16px; font-weight: 400;\">El Usuario que env\u00eda la informaci\u00f3n a Bondian Living, es el \u00fanico responsable de la veracidad y correcci\u00f3n de los datos incluidos, exoner\u00e1ndose Bondian Living de cualquier responsabilidad al respecto.<br \/><\/span><span style=\"font-size: 16px; font-weight: 400;\">Los usuarios garantizan y responden, en cualquier caso, de la exactitud, vigencia y autenticidad de los datos personales facilitados, y se comprometen a mantenerlos debidamente actualizados.<br \/><\/span><span style=\"font-weight: 400;\">El usuario acepta proporcionar informaci\u00f3n completa y correcta en el formulario de registro o suscripci\u00f3n.<br \/><\/span><span style=\"font-weight: 400;\">Bondian Living no responde de la veracidad de las informaciones que no sean de elaboraci\u00f3n propia y de las que se indique otra fuente, por lo que tampoco asume responsabilidad alguna en cuanto a hipot\u00e9ticos perjuicios que pudieran originarse por el uso de dicha informaci\u00f3n.<br \/><\/span><span style=\"font-weight: 400;\">Se exonera a Bondian Living de responsabilidad ante cualquier da\u00f1o o perjuicio que pudiera sufrir el Usuario como consecuencia de errores, defectos u omisiones, en la informaci\u00f3n facilitada por Bondian Living siempre que proceda de fuentes ajenas a Bondian Living.<\/span><\/p><p><strong>CESI\u00d3N DE DATOS A TERCEROS<br \/><\/strong><span style=\"font-weight: 400;\">Bondian Living no ceder\u00e1 los datos personales a terceros. No obstante, en el caso de ser cedidos a alg\u00fan tercero se producir\u00eda una informaci\u00f3n previa solicitando el consentimiento expreso del afectado en virtud del Art. 6 LOPD.<\/span><\/p><p><strong><b>EJERCICIO DE DERECHOS DE ACCESO, RECTIFICACION, CANCELACION Y OPOSICION<br \/><\/b><\/strong><span style=\"font-weight: 400;\">Podr\u00e1 dirigir sus comunicaciones y ejercitar los derechos de acceso, rectificaci\u00f3n, cancelaci\u00f3n y oposici\u00f3n a trav\u00e9s de correo postal en Calle Can Ver\u00ed 5, 07001, Palma de Mallorca, o al correo electr\u00f3nico: info@bondianliving.com junto con prueba v\u00e1lida en derecho, como fotocopia del D.N.I. e indicando en el asunto \u201cPROTECCI\u00d3N DE DATOS\u201d.<\/span><\/p><p><strong>ACEPTACI\u00d3N Y CONSENTIMIENTO<br \/><\/strong><span style=\"font-weight: 400;\">El Usuario declara haber sido informado de las condiciones sobre protecci\u00f3n de datos de car\u00e1cter personal, aceptando y consintiendo el tratamiento de los mismos por parte de Bondian Living, en la forma y para las finalidades indicadas en la presente Pol\u00edtica de Protecci\u00f3n de Datos Personales.<\/span> <\/p><p><strong>CAMBIOS EN LA PRESENTE POL\u00cdTICA DE PRIVACIDAD<br \/><\/strong><span style=\"font-weight: 400;\">Bondian Living se reserva el derecho a modificar la presente pol\u00edtica para adaptarla a novedades legislativas o jurisprudenciales as\u00ed como a pr\u00e1cticas de la industria. En dichos supuestos, Bondian Living anunciar\u00e1 en esta p\u00e1gina los cambios introducidos con razonable antelaci\u00f3n a su puesta en pr\u00e1ctica.<\/span><\/p><p>\u00a0<\/p><p><strong>POL\u00cdTICA DE COOKIES<\/strong><\/p><p><span style=\"font-weight: 400;\">Una cookie es un peque\u00f1o fichero de texto que se almacena en su navegador cuando visita casi cualquier p\u00e1gina web. Su utilidad es que la web sea capaz de recordar su visita cuando vuelva a navegar por esa p\u00e1gina. Las cookies suelen almacenar informaci\u00f3n de car\u00e1cter t\u00e9cnico, preferencias personales, personalizaci\u00f3n de contenidos, estad\u00edsticas de uso, enlaces a redes sociales, acceso a cuentas de usuario, etc. El objetivo de la cookie es adaptar el contenido de la web a su perfil y necesidades, sin cookies los servicios ofrecidos por cualquier p\u00e1gina se ver\u00edan mermados notablemente.<\/span><\/p><p><strong>COOKIES UTILIZADAS EN ESTE SITIO WEB<br \/><\/strong><span style=\"font-weight: 400;\">Siguiendo las directrices de la Agencia Espa\u00f1ola de Protecci\u00f3n de Datos procedemos a detallar el uso de cookies que hace esta web con el fin de informarle con la m\u00e1xima exactitud posible.<br \/><\/span><span style=\"font-weight: 400;\">Este sitio web utiliza las siguientes cookies propias:<br \/><\/span><span style=\"font-weight: 400;\">Cookies de sesi\u00f3n, para garantizar que los usuarios que escriban comentarios en el blog sean humanos y no aplicaciones automatizadas. De esta forma se combate el spam.<br \/><\/span><span style=\"font-weight: 400;\">Este sitio web utiliza las siguientes cookies de terceros:<br \/><\/span><span style=\"font-weight: 400;\">Google Analytics: Almacena cookies para poder elaborar estad\u00edsticas sobre el tr\u00e1fico y volumen de visitas de esta web. Al utilizar este sitio web est\u00e1 consintiendo el tratamiento de informaci\u00f3n acerca de usted por Google. Por tanto, el ejercicio de cualquier derecho en este sentido deber\u00e1 hacerlo comunicando directamente con Google.<br \/><\/span><span style=\"font-weight: 400;\">Redes sociales: Cada red social utiliza sus propias cookies para que usted pueda pinchar en botones del tipo Me gusta o Compartir.<\/span><\/p><p><strong>DESACTIVACI\u00d3N DE COOKIES<br \/><\/strong><span style=\"font-size: 16px; font-weight: 400;\">El usuario podr\u00e1 -en cualquier momento- elegir qu\u00e9 cookies quiere que funcionen en este sitio web mediante la configuraci\u00f3n del navegador:<\/span><\/p><p><span style=\"font-weight: 400;\">Chrome, desde<\/span> <br \/>\u00a0http:\/\/support.google.com\/chrome\/bin\/answer.py?hl=es&amp;answer=95647<br \/>Explorer, desde http:\/\/windows.microsoft.com\/es-es\/windows7\/how-to-manage-cookies-in-internet-explorer-9<br \/>Firefox, desde http:\/\/support.mozilla.org\/es\/kb\/habilitar-y-deshabilitar-cookies-que-los-sitios-we<br \/>Safari, desde http:\/\/support.apple.com\/kb\/ph5042<\/p><p><strong>NOTAS ADICIONALES SOBRE COOKIES<br \/><\/strong><span style=\"font-weight: 400;\">Ni esta web ni sus representantes legales se hacen responsables ni del contenido ni de la veracidad de las pol\u00edticas de privacidad que puedan tener los terceros mencionados en esta pol\u00edtica de cookies.<br \/><\/span><span style=\"font-weight: 400;\">Los navegadores web son las herramientas encargadas de almacenar las cookies y desde este lugar debe efectuar su derecho a eliminaci\u00f3n o desactivaci\u00f3n de las mismas. Ni esta web ni sus representantes legales pueden garantizar la correcta o incorrecta manipulaci\u00f3n de las cookies por parte de los mencionados navegadores.<br \/><\/span><span style=\"font-weight: 400;\">En algunos casos es necesario instalar cookies para que el navegador no olvide su decisi\u00f3n de no aceptaci\u00f3n de las mismas.<br \/><\/span><span style=\"font-weight: 400;\">En el caso de las cookies de Google Analytics, esta empresa almacena las cookies en servidores ubicados en Estados Unidos y se compromete a no compartirla con terceros, excepto en los casos en los que sea necesario para el funcionamiento del sistema o cuando la ley obligue a tal efecto. Seg\u00fan Google no guarda su direcci\u00f3n IP. Google Inc. es una compa\u00f1\u00eda adherida al Acuerdo de Puerto Seguro que garantiza que todos los datos transferidos ser\u00e1n tratados con un nivel de protecci\u00f3n acorde a la normativa europea. Puede consultar informaci\u00f3n detallada a este respecto en este enlace. Si desea informaci\u00f3n sobre el uso que Google da a las cookies le adjuntamos este otro enlace.<br \/><\/span><span style=\"font-weight: 400;\">Para cualquier duda o consulta acerca de esta pol\u00edtica de cookies no dude en comunicarse con nosotros a trav\u00e9s de la secci\u00f3n de contacto.<\/span><\/p>\t\t\t\t\t\t\t\t<\/div>\n\t\t\t\t<\/div>\n\t\t\t\t\t<\/div>\n\t\t<\/div>\n\t\t\t\t<div class=\"elementor-column elementor-col-33 elementor-top-column elementor-element elementor-element-7b5e542 elementor-hidden-tablet\" data-id=\"7b5e542\" data-element_type=\"column\">\n\t\t\t<div class=\"elementor-widget-wrap\">\n\t\t\t\t\t\t\t<\/div>\n\t\t<\/div>\n\t\t\t\t\t<\/div>\n\t\t<\/section>\n\t\t\t\t<\/div>\n\t\t","protected":false},"excerpt":{"rendered":"<p>POL\u00cdTICA DE PRIVACIDAD A efecto de lo previsto en la Ley Org\u00e1nica 15\/1999, de 13 de diciembre, de Protecci\u00f3n de Datos de Car\u00e1cter Personal Bondian Living con CIF: B57789422 informa al Usuario de que es titular de ficheros de datos de car\u00e1cter personal inscritos en el R.G.P.D. (Registro General de Protecci\u00f3n de Datos) en los [&hellip;]<\/p>\n","protected":false},"author":1001009,"featured_media":0,"parent":0,"menu_order":0,"comment_status":"closed","ping_status":"closed","template":"","meta":{"site-sidebar-layout":"no-sidebar","site-content-layout":"page-builder","ast-site-content-layout":"","site-content-style":"default","site-sidebar-style":"default","ast-global-header-display":"","ast-banner-title-visibility":"","ast-main-header-display":"disabled","ast-hfb-above-header-display":"","ast-hfb-below-header-display":"","ast-hfb-mobile-header-display":"disabled","site-post-title":"disabled","ast-breadcrumbs-content":"disabled","ast-featured-img":"disabled","footer-sml-layout":"disabled","theme-transparent-header-meta":"default","adv-header-id-meta":"","stick-header-meta":"","header-above-stick-meta":"","header-main-stick-meta":"","header-below-stick-meta":"","astra-migrate-meta-layouts":"default","ast-page-background-enabled":"default","ast-page-background-meta":{"desktop":{"background-color":"","background-image":"","background-repeat":"repeat","background-position":"center center","background-size":"auto","background-attachment":"scroll","background-type":"","background-media":"","overlay-type":"","overlay-color":"","overlay-opacity":"","overlay-gradient":""},"tablet":{"background-color":"","background-image":"","background-repeat":"repeat","background-position":"center center","background-size":"auto","background-attachment":"scroll","background-type":"","background-media":"","overlay-type":"","overlay-color":"","overlay-opacity":"","overlay-gradient":""},"mobile":{"background-color":"","background-image":"","background-repeat":"repeat","background-position":"center center","background-size":"auto","background-attachment":"scroll","background-type":"","background-media":"","overlay-type":"","overlay-color":"","overlay-opacity":"","overlay-gradient":""}},"ast-content-background-meta":{"desktop":{"background-color":"var(--ast-global-color-5)","background-image":"","background-repeat":"repeat","background-position":"center center","background-size":"auto","background-attachment":"scroll","background-type":"","background-media":"","overlay-type":"","overlay-color":"","overlay-opacity":"","overlay-gradient":""},"tablet":{"background-color":"var(--ast-global-color-5)","background-image":"","background-repeat":"repeat","background-position":"center center","background-size":"auto","background-attachment":"scroll","background-type":"","background-media":"","overlay-type":"","overlay-color":"","overlay-opacity":"","overlay-gradient":""},"mobile":{"background-color":"var(--ast-global-color-5)","background-image":"","background-repeat":"repeat","background-position":"center center","background-size":"auto","background-attachment":"scroll","background-type":"","background-media":"","overlay-type":"","overlay-color":"","overlay-opacity":"","overlay-gradient":""}},"footnotes":""},"class_list":["post-5111","page","type-page","status-publish","hentry"],"yoast_head":"<!-- This site is optimized with the Yoast SEO plugin v24.7 - https:\/\/yoast.com\/wordpress\/plugins\/seo\/ -->\n<title>Pol\u00edtica de Privacidad &#8226; Bondian Living<\/title>\n<meta name=\"robots\" content=\"index, follow, max-snippet:-1, max-image-preview:large, max-video-preview:-1\" \/>\n<link rel=\"canonical\" href=\"https:\/\/bondianliving.com\/wordpress\/es\/politica-de-privacidad\/\" \/>\n<meta property=\"og:locale\" content=\"es_ES\" \/>\n<meta property=\"og:type\" content=\"article\" \/>\n<meta property=\"og:title\" content=\"Pol\u00edtica de Privacidad &#8226; Bondian Living\" \/>\n<meta property=\"og:description\" content=\"POL\u00cdTICA DE PRIVACIDAD A efecto de lo previsto en la Ley Org\u00e1nica 15\/1999, de 13 de diciembre, de Protecci\u00f3n de Datos de Car\u00e1cter Personal Bondian Living con CIF: B57789422 informa al Usuario de que es titular de ficheros de datos de car\u00e1cter personal inscritos en el R.G.P.D. (Registro General de Protecci\u00f3n de Datos) en los [&hellip;]\" \/>\n<meta property=\"og:url\" content=\"https:\/\/bondianliving.com\/wordpress\/es\/politica-de-privacidad\/\" \/>\n<meta property=\"og:site_name\" content=\"Bondian Living\" \/>\n<meta property=\"article:publisher\" content=\"https:\/\/www.facebook.com\/bondianliving\" \/>\n<meta property=\"article:modified_time\" content=\"2021-09-24T12:04:47+00:00\" \/>\n<meta property=\"og:image\" content=\"https:\/\/bondianliving.com\/wordpress\/wp-content\/uploads\/2021\/06\/logo2_Mesa-de-trabajo-1.png\" \/>\n\t<meta property=\"og:image:width\" content=\"2709\" \/>\n\t<meta property=\"og:image:height\" content=\"2709\" \/>\n\t<meta property=\"og:image:type\" content=\"image\/png\" \/>\n<meta name=\"twitter:card\" content=\"summary_large_image\" \/>\n<meta name=\"twitter:label1\" content=\"Tiempo de lectura\" \/>\n\t<meta name=\"twitter:data1\" content=\"5 minutos\" \/>\n<script type=\"application\/ld+json\" class=\"yoast-schema-graph\">{\"@context\":\"https:\/\/schema.org\",\"@graph\":[{\"@type\":\"WebPage\",\"@id\":\"https:\/\/bondianliving.com\/wordpress\/es\/politica-de-privacidad\/\",\"url\":\"https:\/\/bondianliving.com\/wordpress\/es\/politica-de-privacidad\/\",\"name\":\"Pol\u00edtica de Privacidad &#8226; Bondian Living\",\"isPartOf\":{\"@id\":\"https:\/\/bondianliving.com\/wordpress\/#website\"},\"datePublished\":\"2021-08-10T13:16:36+00:00\",\"dateModified\":\"2021-09-24T12:04:47+00:00\",\"breadcrumb\":{\"@id\":\"https:\/\/bondianliving.com\/wordpress\/es\/politica-de-privacidad\/#breadcrumb\"},\"inLanguage\":\"es\",\"potentialAction\":[{\"@type\":\"ReadAction\",\"target\":[\"https:\/\/bondianliving.com\/wordpress\/es\/politica-de-privacidad\/\"]}]},{\"@type\":\"BreadcrumbList\",\"@id\":\"https:\/\/bondianliving.com\/wordpress\/es\/politica-de-privacidad\/#breadcrumb\",\"itemListElement\":[{\"@type\":\"ListItem\",\"position\":1,\"name\":\"Projects\",\"item\":\"https:\/\/bondianliving.com\/wordpress\/\"},{\"@type\":\"ListItem\",\"position\":2,\"name\":\"Pol\u00edtica de Privacidad\"}]},{\"@type\":\"WebSite\",\"@id\":\"https:\/\/bondianliving.com\/wordpress\/#website\",\"url\":\"https:\/\/bondianliving.com\/wordpress\/\",\"name\":\"Bondian Living\",\"description\":\"Interior Design &amp; Project Management in Mallorca\",\"publisher\":{\"@id\":\"https:\/\/bondianliving.com\/wordpress\/#organization\"},\"potentialAction\":[{\"@type\":\"SearchAction\",\"target\":{\"@type\":\"EntryPoint\",\"urlTemplate\":\"https:\/\/bondianliving.com\/wordpress\/?s={search_term_string}\"},\"query-input\":{\"@type\":\"PropertyValueSpecification\",\"valueRequired\":true,\"valueName\":\"search_term_string\"}}],\"inLanguage\":\"es\"},{\"@type\":\"Organization\",\"@id\":\"https:\/\/bondianliving.com\/wordpress\/#organization\",\"name\":\"Bondian Living\",\"url\":\"https:\/\/bondianliving.com\/wordpress\/\",\"logo\":{\"@type\":\"ImageObject\",\"inLanguage\":\"es\",\"@id\":\"https:\/\/bondianliving.com\/wordpress\/#\/schema\/logo\/image\/\",\"url\":\"https:\/\/bondianliving.com\/wordpress\/wp-content\/uploads\/2021\/02\/logo2_Mesa-de-trabajo-1.png\",\"contentUrl\":\"https:\/\/bondianliving.com\/wordpress\/wp-content\/uploads\/2021\/02\/logo2_Mesa-de-trabajo-1.png\",\"width\":2709,\"height\":2709,\"caption\":\"Bondian Living\"},\"image\":{\"@id\":\"https:\/\/bondianliving.com\/wordpress\/#\/schema\/logo\/image\/\"},\"sameAs\":[\"https:\/\/www.facebook.com\/bondianliving\",\"https:\/\/www.instagram.com\/bondian_living\/\"]}]}<\/script>\n<!-- \/ Yoast SEO plugin. -->","yoast_head_json":{"title":"Pol\u00edtica de Privacidad &#8226; Bondian Living","robots":{"index":"index","follow":"follow","max-snippet":"max-snippet:-1","max-image-preview":"max-image-preview:large","max-video-preview":"max-video-preview:-1"},"canonical":"https:\/\/bondianliving.com\/wordpress\/es\/politica-de-privacidad\/","og_locale":"es_ES","og_type":"article","og_title":"Pol\u00edtica de Privacidad &#8226; Bondian Living","og_description":"POL\u00cdTICA DE PRIVACIDAD A efecto de lo previsto en la Ley Org\u00e1nica 15\/1999, de 13 de diciembre, de Protecci\u00f3n de Datos de Car\u00e1cter Personal Bondian Living con CIF: B57789422 informa al Usuario de que es titular de ficheros de datos de car\u00e1cter personal inscritos en el R.G.P.D. (Registro General de Protecci\u00f3n de Datos) en los [&hellip;]","og_url":"https:\/\/bondianliving.com\/wordpress\/es\/politica-de-privacidad\/","og_site_name":"Bondian Living","article_publisher":"https:\/\/www.facebook.com\/bondianliving","article_modified_time":"2021-09-24T12:04:47+00:00","og_image":[{"width":2709,"height":2709,"url":"https:\/\/bondianliving.com\/wordpress\/wp-content\/uploads\/2021\/06\/logo2_Mesa-de-trabajo-1.png","type":"image\/png"}],"twitter_card":"summary_large_image","twitter_misc":{"Tiempo de lectura":"5 minutos"},"schema":{"@context":"https:\/\/schema.org","@graph":[{"@type":"WebPage","@id":"https:\/\/bondianliving.com\/wordpress\/es\/politica-de-privacidad\/","url":"https:\/\/bondianliving.com\/wordpress\/es\/politica-de-privacidad\/","name":"Pol\u00edtica de Privacidad &#8226; Bondian Living","isPartOf":{"@id":"https:\/\/bondianliving.com\/wordpress\/#website"},"datePublished":"2021-08-10T13:16:36+00:00","dateModified":"2021-09-24T12:04:47+00:00","breadcrumb":{"@id":"https:\/\/bondianliving.com\/wordpress\/es\/politica-de-privacidad\/#breadcrumb"},"inLanguage":"es","potentialAction":[{"@type":"ReadAction","target":["https:\/\/bondianliving.com\/wordpress\/es\/politica-de-privacidad\/"]}]},{"@type":"BreadcrumbList","@id":"https:\/\/bondianliving.com\/wordpress\/es\/politica-de-privacidad\/#breadcrumb","itemListElement":[{"@type":"ListItem","position":1,"name":"Projects","item":"https:\/\/bondianliving.com\/wordpress\/"},{"@type":"ListItem","position":2,"name":"Pol\u00edtica de Privacidad"}]},{"@type":"WebSite","@id":"https:\/\/bondianliving.com\/wordpress\/#website","url":"https:\/\/bondianliving.com\/wordpress\/","name":"Bondian Living","description":"Interior Design &amp; Project Management in Mallorca","publisher":{"@id":"https:\/\/bondianliving.com\/wordpress\/#organization"},"potentialAction":[{"@type":"SearchAction","target":{"@type":"EntryPoint","urlTemplate":"https:\/\/bondianliving.com\/wordpress\/?s={search_term_string}"},"query-input":{"@type":"PropertyValueSpecification","valueRequired":true,"valueName":"search_term_string"}}],"inLanguage":"es"},{"@type":"Organization","@id":"https:\/\/bondianliving.com\/wordpress\/#organization","name":"Bondian Living","url":"https:\/\/bondianliving.com\/wordpress\/","logo":{"@type":"ImageObject","inLanguage":"es","@id":"https:\/\/bondianliving.com\/wordpress\/#\/schema\/logo\/image\/","url":"https:\/\/bondianliving.com\/wordpress\/wp-content\/uploads\/2021\/02\/logo2_Mesa-de-trabajo-1.png","contentUrl":"https:\/\/bondianliving.com\/wordpress\/wp-content\/uploads\/2021\/02\/logo2_Mesa-de-trabajo-1.png","width":2709,"height":2709,"caption":"Bondian Living"},"image":{"@id":"https:\/\/bondianliving.com\/wordpress\/#\/schema\/logo\/image\/"},"sameAs":["https:\/\/www.facebook.com\/bondianliving","https:\/\/www.instagram.com\/bondian_living\/"]}]}},"_links":{"self":[{"href":"https:\/\/bondianliving.com\/wordpress\/wp-json\/wp\/v2\/pages\/5111","targetHints":{"allow":["GET"]}}],"collection":[{"href":"https:\/\/bondianliving.com\/wordpress\/wp-json\/wp\/v2\/pages"}],"about":[{"href":"https:\/\/bondianliving.com\/wordpress\/wp-json\/wp\/v2\/types\/page"}],"author":[{"embeddable":true,"href":"https:\/\/bondianliving.com\/wordpress\/wp-json\/wp\/v2\/users\/1001009"}],"replies":[{"embeddable":true,"href":"https:\/\/bondianliving.com\/wordpress\/wp-json\/wp\/v2\/comments?post=5111"}],"version-history":[{"count":10,"href":"https:\/\/bondianliving.com\/wordpress\/wp-json\/wp\/v2\/pages\/5111\/revisions"}],"predecessor-version":[{"id":5857,"href":"https:\/\/bondianliving.com\/wordpress\/wp-json\/wp\/v2\/pages\/5111\/revisions\/5857"}],"wp:attachment":[{"href":"https:\/\/bondianliving.com\/wordpress\/wp-json\/wp\/v2\/media?parent=5111"}],"curies":[{"name":"wp","href":"https:\/\/api.w.org\/{rel}","templated":true}]}}