{"id":5832,"date":"2021-08-10T15:14:10","date_gmt":"2021-08-10T13:14:10","guid":{"rendered":"https:\/\/bondianliving.com\/wordpress\/?page_id=5832"},"modified":"2021-09-24T14:07:01","modified_gmt":"2021-09-24T12:07:01","slug":"rechtliche-hinweise","status":"publish","type":"page","link":"https:\/\/bondianliving.com\/wordpress\/de\/rechtliche-hinweise\/","title":{"rendered":"Rechtliche Hinweise"},"content":{"rendered":"\t\t<div data-elementor-type=\"wp-page\" data-elementor-id=\"5832\" class=\"elementor elementor-5832\" data-elementor-post-type=\"page\">\n\t\t\t\t\t\t<section class=\"elementor-section elementor-top-section elementor-element elementor-element-c750ad2 elementor-section-boxed elementor-section-height-default elementor-section-height-default\" data-id=\"c750ad2\" data-element_type=\"section\">\n\t\t\t\t\t\t<div class=\"elementor-container elementor-column-gap-wider\">\n\t\t\t\t\t<div class=\"elementor-column elementor-col-33 elementor-top-column elementor-element elementor-element-a245710 elementor-hidden-tablet\" data-id=\"a245710\" data-element_type=\"column\">\n\t\t\t<div class=\"elementor-widget-wrap\">\n\t\t\t\t\t\t\t<\/div>\n\t\t<\/div>\n\t\t\t\t<div class=\"elementor-column elementor-col-33 elementor-top-column elementor-element elementor-element-8fcd65d\" data-id=\"8fcd65d\" data-element_type=\"column\">\n\t\t\t<div class=\"elementor-widget-wrap elementor-element-populated\">\n\t\t\t\t\t\t<div class=\"elementor-element elementor-element-1e7a6c2 elementor-widget elementor-widget-text-editor\" data-id=\"1e7a6c2\" data-element_type=\"widget\" data-widget_type=\"text-editor.default\">\n\t\t\t\t<div class=\"elementor-widget-container\">\n\t\t\t\t\t\t\t\t\t<p><strong>RECHTLICHE HINWEISE<\/strong><\/p><p>In \u00dcbereinstimmung mit Artikel 10 des Gesetzes 34\/2002 vom 11. Juli \u00fcber die Dienste der Informationsgesellschaft und den elektronischen Handel (LSSI) werden die Angaben zur Identifizierung des Unternehmens im Folgenden aufgef\u00fchrt:<\/p><p>Firmenname: Bondian Living<br \/>STEUER-ID: B57789422<br \/>Anschrift: Calle Can Ver\u00ed 5, 07001 Palma de Mallorca<br \/>Telefon: +34 971 425 180<br \/>E-Mail: info@bondianliving.com<\/p><p><strong>ZWECK DER WEBSITE<\/strong><br \/>Darstellung der von Bondian Living durchgef\u00fchrten Arbeiten. Dieser rechtliche Hinweis (im Folgenden \u00abRechtlicher Hinweis\u00bb) regelt die Nutzung der Website: www.bondianliving.com<\/p><p><strong>RECHTSMITTEILUNG<\/strong><br \/>Im Allgemeinen unterliegt die Beziehung zwischen Bondian Living und den Nutzern seiner telematischen Dienstleistungen, die auf dieser Website angeboten werden, der spanischen Gesetzgebung und Rechtsprechung.<\/p><p><strong>NUTZUNG UND ZUGRIFF DURCH BENUTZER<\/strong><br \/>Der Benutzer wird dar\u00fcber informiert und akzeptiert, dass der Zugang zu dieser Website in keiner Weise den Beginn einer Gesch\u00e4ftsbeziehung mit Bondian Living oder einer seiner Delegationen impliziert.<\/p><p><strong>GEISTIGES UND INDUSTRIELLES EIGENTUM<\/strong><br \/>Die Rechte am geistigen Eigentum des Inhalts der Webseiten, ihrer grafischen Gestaltung und der Codes sind Eigentum von Bondian Living, und daher ist ihre Vervielf\u00e4ltigung, Verbreitung, \u00f6ffentliche Bekanntmachung, Umwandlung oder jede andere Aktivit\u00e4t, die mit dem Inhalt ihrer Webseiten durchgef\u00fchrt werden kann, verboten, auch nicht die Angabe der Quellen, au\u00dfer mit der schriftlichen Zustimmung von Bondian Living.<\/p><p><strong>WEBINHALTE UND LINKS<\/strong><br \/>Bondian Living beh\u00e4lt sich das Recht vor, die auf seinen Webseiten enthaltenen Informationen zu aktualisieren, zu \u00e4ndern oder zu l\u00f6schen und kann den Zugang zu diesen Informationen f\u00fcr bestimmte Benutzer beschr\u00e4nken oder verweigern. Bondian Living \u00fcbernimmt keine Verantwortung f\u00fcr die Informationen, die auf Webseiten Dritter enthalten sind, die \u00fcber Links von einer Webseite im Besitz von Bondian Living aufgerufen werden k\u00f6nnen. Das Vorhandensein von \u00abLinks\u00bb oder Verkn\u00fcpfungen auf den Webseiten von Bondian Living dient nur zu Informationszwecken.<\/p>\t\t\t\t\t\t\t\t<\/div>\n\t\t\t\t<\/div>\n\t\t\t\t\t<\/div>\n\t\t<\/div>\n\t\t\t\t<div class=\"elementor-column elementor-col-33 elementor-top-column elementor-element elementor-element-f522d7b elementor-hidden-tablet\" data-id=\"f522d7b\" data-element_type=\"column\">\n\t\t\t<div class=\"elementor-widget-wrap\">\n\t\t\t\t\t\t\t<\/div>\n\t\t<\/div>\n\t\t\t\t\t<\/div>\n\t\t<\/section>\n\t\t\t\t<section class=\"elementor-section elementor-top-section elementor-element elementor-element-02a7275 elementor-section-boxed elementor-section-height-default elementor-section-height-default\" data-id=\"02a7275\" data-element_type=\"section\">\n\t\t\t\t\t\t<div class=\"elementor-container elementor-column-gap-default\">\n\t\t\t\t\t<div class=\"elementor-column elementor-col-100 elementor-top-column elementor-element elementor-element-0d80d3e\" data-id=\"0d80d3e\" data-element_type=\"column\">\n\t\t\t<div class=\"elementor-widget-wrap\">\n\t\t\t\t\t\t\t<\/div>\n\t\t<\/div>\n\t\t\t\t\t<\/div>\n\t\t<\/section>\n\t\t\t\t<\/div>\n\t\t","protected":false},"excerpt":{"rendered":"<p>RECHTLICHE HINWEISE In \u00dcbereinstimmung mit Artikel 10 des Gesetzes 34\/2002 vom 11. Juli \u00fcber die Dienste der Informationsgesellschaft und den elektronischen Handel (LSSI) werden die Angaben zur Identifizierung des Unternehmens im Folgenden aufgef\u00fchrt: Firmenname: Bondian LivingSTEUER-ID: B57789422Anschrift: Calle Can Ver\u00ed 5, 07001 Palma de MallorcaTelefon: +34 971 425 180E-Mail: info@bondianliving.com ZWECK DER WEBSITEDarstellung der von [&hellip;]<\/p>\n","protected":false},"author":1001009,"featured_media":0,"parent":0,"menu_order":0,"comment_status":"closed","ping_status":"closed","template":"","meta":{"site-sidebar-layout":"no-sidebar","site-content-layout":"page-builder","ast-site-content-layout":"","site-content-style":"default","site-sidebar-style":"default","ast-global-header-display":"","ast-banner-title-visibility":"","ast-main-header-display":"disabled","ast-hfb-above-header-display":"","ast-hfb-below-header-display":"","ast-hfb-mobile-header-display":"disabled","site-post-title":"disabled","ast-breadcrumbs-content":"disabled","ast-featured-img":"disabled","footer-sml-layout":"disabled","theme-transparent-header-meta":"default","adv-header-id-meta":"","stick-header-meta":"","header-above-stick-meta":"","header-main-stick-meta":"","header-below-stick-meta":"","astra-migrate-meta-layouts":"default","ast-page-background-enabled":"default","ast-page-background-meta":{"desktop":{"background-color":"","background-image":"","background-repeat":"repeat","background-position":"center center","background-size":"auto","background-attachment":"scroll","background-type":"","background-media":"","overlay-type":"","overlay-color":"","overlay-opacity":"","overlay-gradient":""},"tablet":{"background-color":"","background-image":"","background-repeat":"repeat","background-position":"center center","background-size":"auto","background-attachment":"scroll","background-type":"","background-media":"","overlay-type":"","overlay-color":"","overlay-opacity":"","overlay-gradient":""},"mobile":{"background-color":"","background-image":"","background-repeat":"repeat","background-position":"center center","background-size":"auto","background-attachment":"scroll","background-type":"","background-media":"","overlay-type":"","overlay-color":"","overlay-opacity":"","overlay-gradient":""}},"ast-content-background-meta":{"desktop":{"background-color":"var(--ast-global-color-5)","background-image":"","background-repeat":"repeat","background-position":"center center","background-size":"auto","background-attachment":"scroll","background-type":"","background-media":"","overlay-type":"","overlay-color":"","overlay-opacity":"","overlay-gradient":""},"tablet":{"background-color":"var(--ast-global-color-5)","background-image":"","background-repeat":"repeat","background-position":"center center","background-size":"auto","background-attachment":"scroll","background-type":"","background-media":"","overlay-type":"","overlay-color":"","overlay-opacity":"","overlay-gradient":""},"mobile":{"background-color":"var(--ast-global-color-5)","background-image":"","background-repeat":"repeat","background-position":"center center","background-size":"auto","background-attachment":"scroll","background-type":"","background-media":"","overlay-type":"","overlay-color":"","overlay-opacity":"","overlay-gradient":""}},"footnotes":""},"class_list":["post-5832","page","type-page","status-publish","hentry"],"yoast_head":"<!-- This site is optimized with the Yoast SEO plugin v24.7 - https:\/\/yoast.com\/wordpress\/plugins\/seo\/ -->\n<title>Rechtliche Hinweise &#8226; Bondian Living<\/title>\n<meta name=\"robots\" content=\"index, follow, max-snippet:-1, max-image-preview:large, max-video-preview:-1\" \/>\n<link rel=\"canonical\" href=\"https:\/\/bondianliving.com\/wordpress\/de\/rechtliche-hinweise\/\" \/>\n<meta property=\"og:locale\" content=\"es_ES\" \/>\n<meta property=\"og:type\" content=\"article\" \/>\n<meta property=\"og:title\" content=\"Rechtliche Hinweise &#8226; Bondian Living\" \/>\n<meta property=\"og:description\" content=\"RECHTLICHE HINWEISE In \u00dcbereinstimmung mit Artikel 10 des Gesetzes 34\/2002 vom 11. Juli \u00fcber die Dienste der Informationsgesellschaft und den elektronischen Handel (LSSI) werden die Angaben zur Identifizierung des Unternehmens im Folgenden aufgef\u00fchrt: Firmenname: Bondian LivingSTEUER-ID: B57789422Anschrift: Calle Can Ver\u00ed 5, 07001 Palma de MallorcaTelefon: +34 971 425 180E-Mail: info@bondianliving.com ZWECK DER WEBSITEDarstellung der von [&hellip;]\" \/>\n<meta property=\"og:url\" content=\"https:\/\/bondianliving.com\/wordpress\/de\/rechtliche-hinweise\/\" \/>\n<meta property=\"og:site_name\" content=\"Bondian Living\" \/>\n<meta property=\"article:publisher\" content=\"https:\/\/www.facebook.com\/bondianliving\" \/>\n<meta property=\"article:modified_time\" content=\"2021-09-24T12:07:01+00:00\" \/>\n<meta property=\"og:image\" content=\"https:\/\/bondianliving.com\/wordpress\/wp-content\/uploads\/2021\/06\/logo2_Mesa-de-trabajo-1.png\" \/>\n\t<meta property=\"og:image:width\" content=\"2709\" \/>\n\t<meta property=\"og:image:height\" content=\"2709\" \/>\n\t<meta property=\"og:image:type\" content=\"image\/png\" \/>\n<meta name=\"twitter:card\" content=\"summary_large_image\" \/>\n<meta name=\"twitter:label1\" content=\"Tiempo de lectura\" \/>\n\t<meta name=\"twitter:data1\" content=\"2 minutos\" \/>\n<script type=\"application\/ld+json\" class=\"yoast-schema-graph\">{\"@context\":\"https:\/\/schema.org\",\"@graph\":[{\"@type\":\"WebPage\",\"@id\":\"https:\/\/bondianliving.com\/wordpress\/de\/rechtliche-hinweise\/\",\"url\":\"https:\/\/bondianliving.com\/wordpress\/de\/rechtliche-hinweise\/\",\"name\":\"Rechtliche Hinweise &#8226; Bondian Living\",\"isPartOf\":{\"@id\":\"https:\/\/bondianliving.com\/wordpress\/#website\"},\"datePublished\":\"2021-08-10T13:14:10+00:00\",\"dateModified\":\"2021-09-24T12:07:01+00:00\",\"breadcrumb\":{\"@id\":\"https:\/\/bondianliving.com\/wordpress\/de\/rechtliche-hinweise\/#breadcrumb\"},\"inLanguage\":\"es\",\"potentialAction\":[{\"@type\":\"ReadAction\",\"target\":[\"https:\/\/bondianliving.com\/wordpress\/de\/rechtliche-hinweise\/\"]}]},{\"@type\":\"BreadcrumbList\",\"@id\":\"https:\/\/bondianliving.com\/wordpress\/de\/rechtliche-hinweise\/#breadcrumb\",\"itemListElement\":[{\"@type\":\"ListItem\",\"position\":1,\"name\":\"Projects\",\"item\":\"https:\/\/bondianliving.com\/wordpress\/\"},{\"@type\":\"ListItem\",\"position\":2,\"name\":\"Rechtliche Hinweise\"}]},{\"@type\":\"WebSite\",\"@id\":\"https:\/\/bondianliving.com\/wordpress\/#website\",\"url\":\"https:\/\/bondianliving.com\/wordpress\/\",\"name\":\"Bondian Living\",\"description\":\"Interior Design &amp; Project Management in Mallorca\",\"publisher\":{\"@id\":\"https:\/\/bondianliving.com\/wordpress\/#organization\"},\"potentialAction\":[{\"@type\":\"SearchAction\",\"target\":{\"@type\":\"EntryPoint\",\"urlTemplate\":\"https:\/\/bondianliving.com\/wordpress\/?s={search_term_string}\"},\"query-input\":{\"@type\":\"PropertyValueSpecification\",\"valueRequired\":true,\"valueName\":\"search_term_string\"}}],\"inLanguage\":\"es\"},{\"@type\":\"Organization\",\"@id\":\"https:\/\/bondianliving.com\/wordpress\/#organization\",\"name\":\"Bondian Living\",\"url\":\"https:\/\/bondianliving.com\/wordpress\/\",\"logo\":{\"@type\":\"ImageObject\",\"inLanguage\":\"es\",\"@id\":\"https:\/\/bondianliving.com\/wordpress\/#\/schema\/logo\/image\/\",\"url\":\"https:\/\/bondianliving.com\/wordpress\/wp-content\/uploads\/2021\/02\/logo2_Mesa-de-trabajo-1.png\",\"contentUrl\":\"https:\/\/bondianliving.com\/wordpress\/wp-content\/uploads\/2021\/02\/logo2_Mesa-de-trabajo-1.png\",\"width\":2709,\"height\":2709,\"caption\":\"Bondian Living\"},\"image\":{\"@id\":\"https:\/\/bondianliving.com\/wordpress\/#\/schema\/logo\/image\/\"},\"sameAs\":[\"https:\/\/www.facebook.com\/bondianliving\",\"https:\/\/www.instagram.com\/bondian_living\/\"]}]}<\/script>\n<!-- \/ Yoast SEO plugin. -->","yoast_head_json":{"title":"Rechtliche Hinweise &#8226; Bondian Living","robots":{"index":"index","follow":"follow","max-snippet":"max-snippet:-1","max-image-preview":"max-image-preview:large","max-video-preview":"max-video-preview:-1"},"canonical":"https:\/\/bondianliving.com\/wordpress\/de\/rechtliche-hinweise\/","og_locale":"es_ES","og_type":"article","og_title":"Rechtliche Hinweise &#8226; Bondian Living","og_description":"RECHTLICHE HINWEISE In \u00dcbereinstimmung mit Artikel 10 des Gesetzes 34\/2002 vom 11. Juli \u00fcber die Dienste der Informationsgesellschaft und den elektronischen Handel (LSSI) werden die Angaben zur Identifizierung des Unternehmens im Folgenden aufgef\u00fchrt: Firmenname: Bondian LivingSTEUER-ID: B57789422Anschrift: Calle Can Ver\u00ed 5, 07001 Palma de MallorcaTelefon: +34 971 425 180E-Mail: info@bondianliving.com ZWECK DER WEBSITEDarstellung der von [&hellip;]","og_url":"https:\/\/bondianliving.com\/wordpress\/de\/rechtliche-hinweise\/","og_site_name":"Bondian Living","article_publisher":"https:\/\/www.facebook.com\/bondianliving","article_modified_time":"2021-09-24T12:07:01+00:00","og_image":[{"width":2709,"height":2709,"url":"https:\/\/bondianliving.com\/wordpress\/wp-content\/uploads\/2021\/06\/logo2_Mesa-de-trabajo-1.png","type":"image\/png"}],"twitter_card":"summary_large_image","twitter_misc":{"Tiempo de lectura":"2 minutos"},"schema":{"@context":"https:\/\/schema.org","@graph":[{"@type":"WebPage","@id":"https:\/\/bondianliving.com\/wordpress\/de\/rechtliche-hinweise\/","url":"https:\/\/bondianliving.com\/wordpress\/de\/rechtliche-hinweise\/","name":"Rechtliche Hinweise &#8226; Bondian Living","isPartOf":{"@id":"https:\/\/bondianliving.com\/wordpress\/#website"},"datePublished":"2021-08-10T13:14:10+00:00","dateModified":"2021-09-24T12:07:01+00:00","breadcrumb":{"@id":"https:\/\/bondianliving.com\/wordpress\/de\/rechtliche-hinweise\/#breadcrumb"},"inLanguage":"es","potentialAction":[{"@type":"ReadAction","target":["https:\/\/bondianliving.com\/wordpress\/de\/rechtliche-hinweise\/"]}]},{"@type":"BreadcrumbList","@id":"https:\/\/bondianliving.com\/wordpress\/de\/rechtliche-hinweise\/#breadcrumb","itemListElement":[{"@type":"ListItem","position":1,"name":"Projects","item":"https:\/\/bondianliving.com\/wordpress\/"},{"@type":"ListItem","position":2,"name":"Rechtliche Hinweise"}]},{"@type":"WebSite","@id":"https:\/\/bondianliving.com\/wordpress\/#website","url":"https:\/\/bondianliving.com\/wordpress\/","name":"Bondian Living","description":"Interior Design &amp; Project Management in Mallorca","publisher":{"@id":"https:\/\/bondianliving.com\/wordpress\/#organization"},"potentialAction":[{"@type":"SearchAction","target":{"@type":"EntryPoint","urlTemplate":"https:\/\/bondianliving.com\/wordpress\/?s={search_term_string}"},"query-input":{"@type":"PropertyValueSpecification","valueRequired":true,"valueName":"search_term_string"}}],"inLanguage":"es"},{"@type":"Organization","@id":"https:\/\/bondianliving.com\/wordpress\/#organization","name":"Bondian Living","url":"https:\/\/bondianliving.com\/wordpress\/","logo":{"@type":"ImageObject","inLanguage":"es","@id":"https:\/\/bondianliving.com\/wordpress\/#\/schema\/logo\/image\/","url":"https:\/\/bondianliving.com\/wordpress\/wp-content\/uploads\/2021\/02\/logo2_Mesa-de-trabajo-1.png","contentUrl":"https:\/\/bondianliving.com\/wordpress\/wp-content\/uploads\/2021\/02\/logo2_Mesa-de-trabajo-1.png","width":2709,"height":2709,"caption":"Bondian Living"},"image":{"@id":"https:\/\/bondianliving.com\/wordpress\/#\/schema\/logo\/image\/"},"sameAs":["https:\/\/www.facebook.com\/bondianliving","https:\/\/www.instagram.com\/bondian_living\/"]}]}},"_links":{"self":[{"href":"https:\/\/bondianliving.com\/wordpress\/wp-json\/wp\/v2\/pages\/5832","targetHints":{"allow":["GET"]}}],"collection":[{"href":"https:\/\/bondianliving.com\/wordpress\/wp-json\/wp\/v2\/pages"}],"about":[{"href":"https:\/\/bondianliving.com\/wordpress\/wp-json\/wp\/v2\/types\/page"}],"author":[{"embeddable":true,"href":"https:\/\/bondianliving.com\/wordpress\/wp-json\/wp\/v2\/users\/1001009"}],"replies":[{"embeddable":true,"href":"https:\/\/bondianliving.com\/wordpress\/wp-json\/wp\/v2\/comments?post=5832"}],"version-history":[{"count":10,"href":"https:\/\/bondianliving.com\/wordpress\/wp-json\/wp\/v2\/pages\/5832\/revisions"}],"predecessor-version":[{"id":5863,"href":"https:\/\/bondianliving.com\/wordpress\/wp-json\/wp\/v2\/pages\/5832\/revisions\/5863"}],"wp:attachment":[{"href":"https:\/\/bondianliving.com\/wordpress\/wp-json\/wp\/v2\/media?parent=5832"}],"curies":[{"name":"wp","href":"https:\/\/api.w.org\/{rel}","templated":true}]}}